{"id":352,"date":"2021-12-11T02:09:37","date_gmt":"2021-12-11T02:09:37","guid":{"rendered":"https:\/\/kinsley-demo.bslthemes.com\/?page_id=352"},"modified":"2023-10-04T11:21:22","modified_gmt":"2023-10-04T10:21:22","slug":"contact","status":"publish","type":"page","link":"https:\/\/yourmadeirarentals.com\/cs\/contact\/","title":{"rendered":"Kontakt"},"content":{"rendered":"<div data-elementor-type=\"wp-page\" data-elementor-id=\"352\" class=\"elementor elementor-352\">\n\t\t\t\t\t\t<section class=\"elementor-section elementor-top-section elementor-element elementor-element-45b5923 elementor-section-full_width elementor-section-height-default elementor-section-height-default\" data-id=\"45b5923\" data-element_type=\"section\" data-e-type=\"section\">\n\t\t\t\t\t\t<div class=\"elementor-container elementor-column-gap-no\">\n\t\t\t\t\t<div class=\"elementor-column elementor-col-100 elementor-top-column elementor-element elementor-element-e39f301\" data-id=\"e39f301\" data-element_type=\"column\" data-e-type=\"column\">\n\t\t\t<div class=\"elementor-widget-wrap elementor-element-populated\">\n\t\t\t\t\t\t<div class=\"elementor-element elementor-element-4972d0c elementor-widget elementor-widget-kinsley-intro\" data-id=\"4972d0c\" data-element_type=\"widget\" data-e-type=\"widget\" data-widget_type=\"kinsley-intro.default\">\n\t\t\t\t<div class=\"elementor-widget-container\">\n\t\t\t\t\t\n\t\t<!-- banner -->\n\t\t<section class=\"knsl-banner-simple knsl-transition-bottom knsl-banner-white\">\n\t\t\t\t\t\t\t\n\t\t\n\t\t\t\t\t\t<div class=\"knsl-cover-frame\">\n\t\t\t\t\t\t\t\t\t\t\t\t<div style=\"background-image: url('https:\/\/yourmadeirarentals.com\/wp-content\/uploads\/2023\/09\/Madeira-rental.jpg');\" class=\"knsl-parallax knsl-banner-slide\"><\/div>\n\t\t\t\t\t\t\t\t\t\t\t\t\t\t\t\t\t\t\t<\/div>\n\t\t\t<div class=\"knsl-overlay\" style=\"opacity: 0.3;\"><\/div>\n\t\t\t\n\t\t\t\t\t\t<div class=\"container\"><div class=\"row\"><div class=\"col-lg-12\">\n\t\t\t\t\t\t<div class=\"knsl-center knsl-title-frame\">\n\t\t\t\t\t\t\t\t<h1 class=\"knsl-title--h knsl-mb-20 knsl-h1-inner\">\n\t\t\t\t\t<span >\n\t\t\t\t\t\tSpojte se s n\u00e1mi\t\t\t\t\t<\/span>\n\t\t\t\t<\/h1>\n\t\t\t\t\t\t\t\t\t\t\t\t\t\t\t<\/div>\n\t\t\t\t\t\t<\/div><\/div><\/div>\n\t\t\t\n\t\t<\/section>\n\t\t<!-- banner end -->\n\n\t\t\t\t\t\t<\/div>\n\t\t\t\t<\/div>\n\t\t\t\t\t<\/div>\n\t\t<\/div>\n\t\t\t\t\t<\/div>\n\t\t<\/section>\n\t\t\t\t<section class=\"elementor-section elementor-top-section elementor-element elementor-element-750c0b1 elementor-section-full_width elementor-section-height-default elementor-section-height-default\" data-id=\"750c0b1\" data-element_type=\"section\" data-e-type=\"section\">\n\t\t\t\t\t\t<div class=\"elementor-container elementor-column-gap-no\">\n\t\t\t\t\t<div class=\"elementor-column elementor-col-100 elementor-top-column elementor-element elementor-element-871006b\" data-id=\"871006b\" data-element_type=\"column\" data-e-type=\"column\">\n\t\t\t<div class=\"elementor-widget-wrap elementor-element-populated\">\n\t\t\t\t\t\t<div class=\"elementor-element elementor-element-f8d5e96 elementor-widget elementor-widget-kinsley-contact-info\" data-id=\"f8d5e96\" data-element_type=\"widget\" data-e-type=\"widget\" data-widget_type=\"kinsley-contact-info.default\">\n\t\t\t\t<div class=\"elementor-widget-container\">\n\t\t\t\t\t\n\t\t<!-- contact -->\n    \t<section>\n\t\t\t<div id=\"knsl-triger-1\"><\/div>\n\t\t\t<div class=\"container\">\n\t\t\t<!-- features card -->\n\t\t\t<div class=\"knsl-features-card\">\n\t\t\t\t\t\t\t\t<div class=\"row\">\n\t\t\t\t\t\t\t\t\t\t<div class=\"col-12 col-lg-4\">\n\t\t\t\t\t\t<!-- icon box -->\n\t\t\t\t\t\t<div class=\"knsl-icon-box\">\n\t\t\t\t\t\t\t\t\t\t\t\t\t\t<img decoding=\"async\" src=\"https:\/\/yourmadeirarentals.com\/wp-content\/uploads\/2021\/12\/f-9.png\" alt=\"icon\" class=\"knsl-mb-10\" \/>\n\t\t\t\t\t\t\t\t\t\t\t\t\t\t\t\t\t\t\t\t\t<h5 class=\"knsl-mb-10\">\n\t\t\t\t\t\t\t\t<span >\n\t\t\t\t\t\t\t\t\tAdresa\t\t\t\t\t\t\t\t<\/span>\n\t\t\t\t\t\t\t<\/h5>\n\t\t\t\t\t\t\t\t\t\t\t\t\t\t\t\t\t\t\t\t\t<p>\n\t\t\t\t\t\t\t\t<span >\n\t\t\t\t\t\t\t\t\tCalheta, Madeira Portugalsko\t\t\t\t\t\t\t\t<\/span>\n\t\t\t\t\t\t\t<\/p>\n\t\t\t\t\t\t\t\t\t\t\t\t\t<\/div>\n\t\t\t\t\t\t<!-- icon box end -->\n\t\t\t\t\t<\/div>\n\t\t\t\t\t\t\t\t\t\t<div class=\"col-12 col-lg-4\">\n\t\t\t\t\t\t<!-- icon box -->\n\t\t\t\t\t\t<div class=\"knsl-icon-box\">\n\t\t\t\t\t\t\t\t\t\t\t\t\t\t<img decoding=\"async\" src=\"https:\/\/yourmadeirarentals.com\/wp-content\/uploads\/2021\/12\/f-10.png\" alt=\"icon\" class=\"knsl-mb-10\" \/>\n\t\t\t\t\t\t\t\t\t\t\t\t\t\t\t\t\t\t\t\t\t<h5 class=\"knsl-mb-10\">\n\t\t\t\t\t\t\t\t<span >\n\t\t\t\t\t\t\t\t\tTelefon\t\t\t\t\t\t\t\t<\/span>\n\t\t\t\t\t\t\t<\/h5>\n\t\t\t\t\t\t\t\t\t\t\t\t\t\t\t\t\t\t\t\t\t<p>\n\t\t\t\t\t\t\t\t<span >\n\t\t\t\t\t\t\t\t\t(+351) 969 660 067\t\t\t\t\t\t\t\t<\/span>\n\t\t\t\t\t\t\t<\/p>\n\t\t\t\t\t\t\t\t\t\t\t\t\t<\/div>\n\t\t\t\t\t\t<!-- icon box end -->\n\t\t\t\t\t<\/div>\n\t\t\t\t\t\t\t\t\t\t<div class=\"col-12 col-lg-4\">\n\t\t\t\t\t\t<!-- icon box -->\n\t\t\t\t\t\t<div class=\"knsl-icon-box\">\n\t\t\t\t\t\t\t\t\t\t\t\t\t\t<img decoding=\"async\" src=\"https:\/\/yourmadeirarentals.com\/wp-content\/uploads\/2021\/12\/f-11.png\" alt=\"icon\" class=\"knsl-mb-10\" \/>\n\t\t\t\t\t\t\t\t\t\t\t\t\t\t\t\t\t\t\t\t\t<h5 class=\"knsl-mb-10\">\n\t\t\t\t\t\t\t\t<span >\n\t\t\t\t\t\t\t\t\tE-mail\t\t\t\t\t\t\t\t<\/span>\n\t\t\t\t\t\t\t<\/h5>\n\t\t\t\t\t\t\t\t\t\t\t\t\t\t\t\t\t\t\t\t\t<p>\n\t\t\t\t\t\t\t\t<span >\n\t\t\t\t\t\t\t\t\tinfo@yourmadeirarentals.com\t\t\t\t\t\t\t\t<\/span>\n\t\t\t\t\t\t\t<\/p>\n\t\t\t\t\t\t\t\t\t\t\t\t\t<\/div>\n\t\t\t\t\t\t<!-- icon box end -->\n\t\t\t\t\t<\/div>\n\t\t\t\t\t\t\t\t\t<\/div>\n\t\t\t\t\t\t\t<\/div>\n\t\t\t<!-- contact end -->\n\n\t\t\t<\/div>    \t<\/section>\n\n\t\t\t\t\t\t<\/div>\n\t\t\t\t<\/div>\n\t\t\t\t\t<\/div>\n\t\t<\/div>\n\t\t\t\t\t<\/div>\n\t\t<\/section>\n\t\t\t\t<section class=\"elementor-section elementor-top-section elementor-element elementor-element-304871b elementor-section-full_width elementor-section-height-default elementor-section-height-default\" data-id=\"304871b\" data-element_type=\"section\" data-e-type=\"section\">\n\t\t\t\t\t\t<div class=\"elementor-container elementor-column-gap-no\">\n\t\t\t\t\t<div class=\"elementor-column elementor-col-33 elementor-top-column elementor-element elementor-element-ba612cd\" data-id=\"ba612cd\" data-element_type=\"column\" data-e-type=\"column\">\n\t\t\t<div class=\"elementor-widget-wrap\">\n\t\t\t\t\t\t\t<\/div>\n\t\t<\/div>\n\t\t\t\t<div class=\"elementor-column elementor-col-33 elementor-top-column elementor-element elementor-element-e9e9ec1\" data-id=\"e9e9ec1\" data-element_type=\"column\" data-e-type=\"column\">\n\t\t\t<div class=\"elementor-widget-wrap elementor-element-populated\">\n\t\t\t\t\t\t<div class=\"elementor-element elementor-element-9ded6cd elementor-widget elementor-widget-kinsley-contact-form\" data-id=\"9ded6cd\" data-element_type=\"widget\" data-e-type=\"widget\" data-widget_type=\"kinsley-contact-form.default\">\n\t\t\t\t<div class=\"elementor-widget-container\">\n\t\t\t\t\t\n\t\t<section class=\"knsl-transition-none knsl-p-0-100\">\n\t\t\t\t\t\t\t\n\t\t\t\t\t<div class=\"container\">\t\t\t\t<div class=\"row\">\n\t\t\t\t\t\t\t\t\t\t<div class=\"col-lg-12\">\n\t\t\t\t\t\t<div class=\"knsl-center knsl-title-frame knsl-mb-80\">\n\t\t\t\t\t\t\t\t\t\t\t\t<h2 class=\"knsl-title--h knsl-mb-20\">\n\t\t\t\t\t\t\t<span >\n\t\t\t\t\t\t\t\tNev\u00e1hejte n\u00e1s kontaktovat\t\t\t\t\t\t\t<\/span>\n\t\t\t\t\t\t<\/h2>\n\t\t\t\t\t\t\t\t\t\t\t\t\t\t\t\t\t\t<div class=\"knsl-text knsl-mb-30\">\n\t\t\t\t\t\t\t<div >\n\t\t\t\t\t\t\t\tN\u00e1\u0161 specializovan\u00fd t\u00fdm je zde, aby v\u00e1m poskytl dal\u0161\u00ed informace a odpov\u011bdi na v\u0161echny va\u0161e ot\u00e1zky.\t\t\t\t\t\t\t<\/div>\n\t\t\t\t\t\t<\/div>\n\t\t\t\t\t\t\t\t\t\t\t\t\t\t\t\t\t\t<\/div>\n\t\t\t\t\t<\/div>\n\t\t\t\t\t\t\t\t\t\t\t\t\t\t\t<div class=\"col-lg-12\">\n\t\t\t\t\t\t<div class=\"knsl-scroll-animation-default\">\n\t\t\t\t\t\t\t\n<div class=\"wpcf7 no-js\" id=\"wpcf7-f384-o1\" lang=\"en-US\" dir=\"ltr\" data-wpcf7-id=\"384\">\n<div class=\"screen-reader-response\"><p role=\"status\" aria-live=\"polite\" aria-atomic=\"true\"><\/p> <ul><\/ul><\/div>\n<form action=\"\/cs\/wp-json\/wp\/v2\/pages\/352#wpcf7-f384-o1\" method=\"post\" class=\"wpcf7-form init\" aria-label=\"Kontaktn\u00ed formul\u00e1\u0159\" novalidate=\"novalidate\" data-status=\"init\" data-trp-original-action=\"\/cs\/wp-json\/wp\/v2\/pages\/352#wpcf7-f384-o1\">\n<fieldset class=\"hidden-fields-container\"><input type=\"hidden\" name=\"_wpcf7\" value=\"384\" \/><input type=\"hidden\" name=\"_wpcf7_version\" value=\"6.1.5\" \/><input type=\"hidden\" name=\"_wpcf7_locale\" value=\"en_US\" \/><input type=\"hidden\" name=\"_wpcf7_unit_tag\" value=\"wpcf7-f384-o1\" \/><input type=\"hidden\" name=\"_wpcf7_container_post\" value=\"0\" \/><input type=\"hidden\" name=\"_wpcf7_posted_data_hash\" value=\"\" \/><input type=\"hidden\" name=\"_wpcf7_recaptcha_response\" value=\"\" \/>\n<\/fieldset>\n<div class=\"row\">\n  <div class=\"col-lg-6 col-md-6\">\n    <span class=\"wpcf7-form-control-wrap\" data-name=\"cf-name\"><input size=\"40\" maxlength=\"400\" class=\"wpcf7-form-control wpcf7-text wpcf7-validates-as-required\" aria-required=\"true\" aria-invalid=\"false\" placeholder=\"N\u00e1zev\" value=\"\" type=\"text\" name=\"cf-name\" \/><\/span>\n  <\/div>\n  <div class=\"col-lg-6 col-md-6\">\n    <span class=\"wpcf7-form-control-wrap\" data-name=\"cf-email\"><input size=\"40\" maxlength=\"400\" class=\"wpcf7-form-control wpcf7-email wpcf7-validates-as-required wpcf7-text wpcf7-validates-as-email\" aria-required=\"true\" aria-invalid=\"false\" placeholder=\"E-mail\" value=\"\" type=\"email\" name=\"cf-email\" \/><\/span>\n  <\/div>\n   <div class=\"col-lg-6 col-md-6\">\n    <span class=\"wpcf7-form-control-wrap\" data-name=\"cf-subject\"><input size=\"40\" maxlength=\"400\" class=\"wpcf7-form-control wpcf7-text wpcf7-validates-as-required\" aria-required=\"true\" aria-invalid=\"false\" placeholder=\"P\u0159edm\u011bt\" value=\"\" type=\"text\" name=\"cf-subject\" \/><\/span>\n  <\/div>\n  <div class=\"col-lg-6 col-md-6\">\n    <span class=\"wpcf7-form-control-wrap\" data-name=\"cf-telephone\"><input size=\"40\" maxlength=\"400\" class=\"wpcf7-form-control wpcf7-tel wpcf7-text wpcf7-validates-as-tel\" aria-invalid=\"false\" placeholder=\"Telefon\" value=\"\" type=\"tel\" name=\"cf-telephone\" \/><\/span>\n  <\/div>\n  <div class=\"col-lg-12\">\n    <span class=\"wpcf7-form-control-wrap\" data-name=\"cf-message\"><textarea cols=\"40\" rows=\"10\" maxlength=\"2000\" class=\"wpcf7-form-control wpcf7-textarea\" aria-invalid=\"false\" placeholder=\"Zpr\u00e1va\" name=\"cf-message\"><\/textarea><\/span>\n  <\/div>\n <div class=\"col-lg-12\">\n    <span class=\"wpcf7-form-control-wrap recaptcha\" data-name=\"recaptcha\"><span data-sitekey=\"6LdPsPQqAAAAAPPoVLmEhy832pssVJD7JXdGgRjg\" class=\"wpcf7-form-control wpcf7-recaptcha g-recaptcha\"><\/span>\r\n<noscript>\r\n\t<div class=\"grecaptcha-noscript\">\r\n\t\t<iframe src=\"https:\/\/www.google.com\/recaptcha\/api\/fallback?k=6LdPsPQqAAAAAPPoVLmEhy832pssVJD7JXdGgRjg\" frameborder=\"0\" scrolling=\"no\" width=\"310\" height=\"430\">\r\n\t\t<\/iframe>\r\n\t\t<textarea name=\"g-recaptcha-response\" rows=\"3\" cols=\"40\" placeholder=\"reCaptcha Response Here\">\r\n\t\t<\/textarea>\r\n\t<\/div>\r\n<\/noscript>\r\n<\/span>\n <\/div>\n  <div class=\"col-lg-12\">\n    <div class=\"knsl-form-submit-frame\">\n      <button type=\"submit\" class=\"knsl-btn\">Odeslat<\/button>\n      <div class=\"knsl-text-sm\">*Slibujeme, \u017ee va\u0161e osobn\u00ed \u00fadaje nep\u0159ed\u00e1me t\u0159et\u00edm stran\u00e1m.<\/div>\n    <\/div>\n  <\/div>\n<\/div><div class=\"wpcf7-response-output\" aria-hidden=\"true\"><\/div>\n<input type=\"hidden\" name=\"trp-form-language\" value=\"cs\"\/><\/form>\n<\/div>\n\t\t\t\t\t\t<\/div>\n\t\t\t\t\t<\/div>\n\t\t\t\t\t\t\t\t\t<\/div>\n\t\t\t<\/div>\t\t<\/section>\n\n\t\t\t\t\t\t<\/div>\n\t\t\t\t<\/div>\n\t\t\t\t\t<\/div>\n\t\t<\/div>\n\t\t\t\t<div class=\"elementor-column elementor-col-33 elementor-top-column elementor-element elementor-element-7601d46\" data-id=\"7601d46\" data-element_type=\"column\" data-e-type=\"column\">\n\t\t\t<div class=\"elementor-widget-wrap\">\n\t\t\t\t\t\t\t<\/div>\n\t\t<\/div>\n\t\t\t\t\t<\/div>\n\t\t<\/section>\n\t\t\t\t<\/div>","protected":false},"excerpt":{"rendered":"<p>Kontaktujte n\u00e1s Adresa Calheta, Madeira Portugalsko Telefon (+351) 969 660 067 E-mail info@yourmadeirarentals.com Nev\u00e1hejte n\u00e1s kontaktovat Na\u0161e... <span class=\"knsl-el-more\"><a href=\"https:\/\/yourmadeirarentals.com\/cs\/contact\/\" class=\"knsl-btn\">P\u0159e\u010dt\u011bte si v\u00edce<span class=\"screen-reader-text\">P\u0159e\u010dt\u011bte si v\u00edce Kontakt<\/span><\/a><\/span><\/p>","protected":false},"author":1,"featured_media":0,"parent":0,"menu_order":0,"comment_status":"closed","ping_status":"closed","template":"template-layout-builder.php","meta":{"_acf_changed":false,"footnotes":""},"class_list":["post-352","page","type-page","status-publish","hentry"],"acf":[],"_links":{"self":[{"href":"https:\/\/yourmadeirarentals.com\/cs\/wp-json\/wp\/v2\/pages\/352","targetHints":{"allow":["GET"]}}],"collection":[{"href":"https:\/\/yourmadeirarentals.com\/cs\/wp-json\/wp\/v2\/pages"}],"about":[{"href":"https:\/\/yourmadeirarentals.com\/cs\/wp-json\/wp\/v2\/types\/page"}],"author":[{"embeddable":true,"href":"https:\/\/yourmadeirarentals.com\/cs\/wp-json\/wp\/v2\/users\/1"}],"replies":[{"embeddable":true,"href":"https:\/\/yourmadeirarentals.com\/cs\/wp-json\/wp\/v2\/comments?post=352"}],"version-history":[{"count":98,"href":"https:\/\/yourmadeirarentals.com\/cs\/wp-json\/wp\/v2\/pages\/352\/revisions"}],"predecessor-version":[{"id":7284,"href":"https:\/\/yourmadeirarentals.com\/cs\/wp-json\/wp\/v2\/pages\/352\/revisions\/7284"}],"wp:attachment":[{"href":"https:\/\/yourmadeirarentals.com\/cs\/wp-json\/wp\/v2\/media?parent=352"}],"curies":[{"name":"wp","href":"https:\/\/api.w.org\/{rel}","templated":true}]}}