{"id":13825,"date":"2024-11-11T12:21:27","date_gmt":"2024-11-11T12:21:27","guid":{"rendered":"https:\/\/yourmadeirarentals.com\/?page_id=13825"},"modified":"2024-11-11T12:46:40","modified_gmt":"2024-11-11T12:46:40","slug":"service","status":"publish","type":"page","link":"https:\/\/yourmadeirarentals.com\/de\/service\/","title":{"rendered":"Dienstleistungen"},"content":{"rendered":"<div data-elementor-type=\"wp-page\" data-elementor-id=\"13825\" class=\"elementor elementor-13825\">\n\t\t\t\t\t\t<section class=\"elementor-section elementor-top-section elementor-element elementor-element-6d0e7eb elementor-section-full_width elementor-section-height-default elementor-section-height-default\" data-id=\"6d0e7eb\" data-element_type=\"section\" data-e-type=\"section\">\n\t\t\t\t\t\t<div class=\"elementor-container elementor-column-gap-no\">\n\t\t\t\t\t<div class=\"elementor-column elementor-col-100 elementor-top-column elementor-element elementor-element-6732239\" data-id=\"6732239\" data-element_type=\"column\" data-e-type=\"column\">\n\t\t\t<div class=\"elementor-widget-wrap elementor-element-populated\">\n\t\t\t\t\t\t<div class=\"elementor-element elementor-element-abfc5a1 elementor-widget elementor-widget-kinsley-intro\" data-id=\"abfc5a1\" data-element_type=\"widget\" data-e-type=\"widget\" data-widget_type=\"kinsley-intro.default\">\n\t\t\t\t<div class=\"elementor-widget-container\">\n\t\t\t\t\t\n\t\t<!-- banner -->\n\t\t<section class=\"knsl-banner-simple knsl-transition-bottom knsl-banner-white\">\n\t\t\t\t\t\t\t\n\t\t\n\t\t\t\t\t\t<div class=\"knsl-cover-frame\">\n\t\t\t\t\t\t\t\t\t\t\t\t<div style=\"background-image: url('https:\/\/yourmadeirarentals.com\/wp-content\/uploads\/2023\/09\/Madeira-rental.jpg');\" class=\"knsl-parallax knsl-banner-slide\"><\/div>\n\t\t\t\t\t\t\t\t\t\t\t\t\t\t\t\t\t\t\t<\/div>\n\t\t\t<div class=\"knsl-overlay\" style=\"opacity: 0.3;\"><\/div>\n\t\t\t\n\t\t\t\t\t\t<div class=\"container\"><div class=\"row\"><div class=\"col-lg-12\">\n\t\t\t\t\t\t<div class=\"knsl-center knsl-title-frame\">\n\t\t\t\t\t\t\t\t<h1 class=\"knsl-title--h knsl-mb-20 knsl-h1-inner\">\n\t\t\t\t\t<span >\n\t\t\t\t\t\tDienstleistungen\t\t\t\t\t<\/span>\n\t\t\t\t<\/h1>\n\t\t\t\t\t\t\t\t\t\t\t\t\t\t\t<\/div>\n\t\t\t\t\t\t<\/div><\/div><\/div>\n\t\t\t\n\t\t<\/section>\n\t\t<!-- banner end -->\n\n\t\t\t\t\t\t<\/div>\n\t\t\t\t<\/div>\n\t\t\t\t\t<\/div>\n\t\t<\/div>\n\t\t\t\t\t<\/div>\n\t\t<\/section>\n\t\t\t\t<section class=\"elementor-section elementor-top-section elementor-element elementor-element-a09359a elementor-section-full_width elementor-section-height-default elementor-section-height-default\" data-id=\"a09359a\" data-element_type=\"section\" data-e-type=\"section\">\n\t\t\t\t\t\t<div class=\"elementor-container elementor-column-gap-no\">\n\t\t\t\t\t<div class=\"elementor-column elementor-col-100 elementor-top-column elementor-element elementor-element-5ac28fd\" data-id=\"5ac28fd\" data-element_type=\"column\" data-e-type=\"column\">\n\t\t\t<div class=\"elementor-widget-wrap elementor-element-populated\">\n\t\t\t\t\t\t<div class=\"elementor-element elementor-element-9215719 elementor-widget elementor-widget-kinsley-services\" data-id=\"9215719\" data-element_type=\"widget\" data-e-type=\"widget\" data-widget_type=\"kinsley-services.default\">\n\t\t\t\t<div class=\"elementor-widget-container\">\n\t\t\t\t\t\n\t\t<!-- services -->\n\t\t<section class=\"knsl-p-0-80\">\n\t\t\t\n\t\t\t<div class=\"container\">\t\t\t\t<div class=\"row\">\n\t\t\t\t\n\t\t\t\t\t\n\t\t\t\t\t\t\t\t\t\t\t\t\t\t\t<div class=\"col-md-6 col-lg-4\">\n\n\t\t\t\t\t\t\n\n<!-- service card -->\n<div class=\"knsl-ath-card\">\n\t<div class=\"knsl-cover-frame\">\n\t\t<a href=\"https:\/\/yourmadeirarentals.com\/de\/services\/car-hire-service\/\">\n\t\t\t\t\t\t<img decoding=\"async\" src=\"https:\/\/yourmadeirarentals.com\/wp-content\/uploads\/2023\/10\/Rental-car-950x384.jpg\" alt=\"Car Hire Service\">\n\t\t\t\t\t<\/a>\n\t\t\t<\/div>\n\t<div class=\"knsl-card-description\">\n\t\t<h3 class=\"knsl-mb-10\">\n\t\t\tAutovermietung\t\t<\/h3>\n\t\t<div class=\"knsl-text knsl-text--h\">\n\t\t\t<p>Erh\u00f6hen Sie Ihr Urlaubserlebnis mit unserem professionellen Autovermietungsservice, der ausschlie\u00dflich auf Urlauber zugeschnitten ist,...<\/p>\n\t\t<\/div>\n\t\t<a href=\"https:\/\/yourmadeirarentals.com\/de\/services\/car-hire-service\/\" class=\"knsl-btn\">\n\t\t\tMehr lesen\t\t\t<span class=\"screen-reader-text\">Mehr lesen Autovermietung<\/span>\n\t\t<\/a>\n\t<\/div>\n<\/div>\n<!-- service card end -->\n\n\t\t\t\t\t<\/div>\n\t\t\t\t\t\t\t\t\t\t<div class=\"col-md-6 col-lg-4\">\n\n\t\t\t\t\t\t\n\n<!-- service card -->\n<div class=\"knsl-ath-card\">\n\t<div class=\"knsl-cover-frame\">\n\t\t<a href=\"https:\/\/yourmadeirarentals.com\/de\/services\/housekeeping\/\">\n\t\t\t\t\t\t<img decoding=\"async\" src=\"https:\/\/yourmadeirarentals.com\/wp-content\/uploads\/2023\/10\/House-Keeping-950x397.jpg\" alt=\"Housekeeping\">\n\t\t\t\t\t<\/a>\n\t\t\t<\/div>\n\t<div class=\"knsl-card-description\">\n\t\t<h3 class=\"knsl-mb-10\">\n\t\t\tHauswirtschaft\t\t<\/h3>\n\t\t<div class=\"knsl-text knsl-text--h\">\n\t\t\t<p>Erleben Sie unvergleichlichen Komfort w\u00e4hrend Ihres Aufenthalts in einer Ferienvilla, einem Haus oder einer Wohnung....<\/p>\n\t\t<\/div>\n\t\t<a href=\"https:\/\/yourmadeirarentals.com\/de\/services\/housekeeping\/\" class=\"knsl-btn\">\n\t\t\tMehr lesen\t\t\t<span class=\"screen-reader-text\">Lesen Sie mehr Housekeeping<\/span>\n\t\t<\/a>\n\t<\/div>\n<\/div>\n<!-- service card end -->\n\n\t\t\t\t\t<\/div>\n\t\t\t\t\t\t\t\t\t\t<div class=\"col-md-6 col-lg-4\">\n\n\t\t\t\t\t\t\n\n<!-- service card -->\n<div class=\"knsl-ath-card\">\n\t<div class=\"knsl-cover-frame\">\n\t\t<a href=\"https:\/\/yourmadeirarentals.com\/de\/services\/pool\/\">\n\t\t\t\t\t\t<img decoding=\"async\" src=\"https:\/\/yourmadeirarentals.com\/wp-content\/uploads\/2023\/10\/Pool-maintenace-950x368.jpg\" alt=\"Pool Maintenance\">\n\t\t\t\t\t<\/a>\n\t\t\t<\/div>\n\t<div class=\"knsl-card-description\">\n\t\t<h3 class=\"knsl-mb-10\">\n\t\t\tPoolpflege\t\t<\/h3>\n\t\t<div class=\"knsl-text knsl-text--h\">\n\t\t\t<p>Erh\u00f6hen Sie Ihr Urlaubserlebnis mit unserem optionalen Swimmingpool-Pflege-Service f\u00fcr Ihre Villa,...<\/p>\n\t\t<\/div>\n\t\t<a href=\"https:\/\/yourmadeirarentals.com\/de\/services\/pool\/\" class=\"knsl-btn\">\n\t\t\tMehr lesen\t\t\t<span class=\"screen-reader-text\">Lesen Sie mehr Poolpflege<\/span>\n\t\t<\/a>\n\t<\/div>\n<\/div>\n<!-- service card end -->\n\n\t\t\t\t\t<\/div>\n\t\t\t\t\t\t\t\t\t\t<div class=\"col-md-6 col-lg-4\">\n\n\t\t\t\t\t\t\n\n<!-- service card -->\n<div class=\"knsl-ath-card knsl-scroll-animation\">\n\t<div class=\"knsl-cover-frame\">\n\t\t<a href=\"https:\/\/yourmadeirarentals.com\/de\/services\/real-estate-consulting-service\/\">\n\t\t\t\t\t\t<img decoding=\"async\" src=\"https:\/\/yourmadeirarentals.com\/wp-content\/uploads\/2023\/10\/Real-Estate-Digital-950x391.jpg\" alt=\"Real Estate Consulting Service\">\n\t\t\t\t\t<\/a>\n\t\t\t<\/div>\n\t<div class=\"knsl-card-description\">\n\t\t<h3 class=\"knsl-mb-10\">\n\t\t\tImmobilien-Beratungsdienst\t\t<\/h3>\n\t\t<div class=\"knsl-text knsl-text--h\">\n\t\t\t<p>Erschlie\u00dfen Sie sich eine Welt der M\u00f6glichkeiten mit unserem professionellen Immobilienberatungsservice, der exklusiv f\u00fcr...<\/p>\n\t\t<\/div>\n\t\t<a href=\"https:\/\/yourmadeirarentals.com\/de\/services\/real-estate-consulting-service\/\" class=\"knsl-btn\">\n\t\t\tMehr lesen\t\t\t<span class=\"screen-reader-text\">Lesen Sie mehr Immobilienberatungsservice<\/span>\n\t\t<\/a>\n\t<\/div>\n<\/div>\n<!-- service card end -->\n\n\t\t\t\t\t<\/div>\n\t\t\t\t\t\t\t\t\t\t<div class=\"col-md-6 col-lg-4\">\n\n\t\t\t\t\t\t\n\n<!-- service card -->\n<div class=\"knsl-ath-card knsl-scroll-animation\">\n\t<div class=\"knsl-cover-frame\">\n\t\t<a href=\"https:\/\/yourmadeirarentals.com\/de\/services\/tour-operation-service\/\">\n\t\t\t\t\t\t<img decoding=\"async\" src=\"https:\/\/yourmadeirarentals.com\/wp-content\/uploads\/2023\/10\/Yacht-At-Seaside-950x535.jpg\" alt=\"Tour Operation Service\">\n\t\t\t\t\t<\/a>\n\t\t\t<\/div>\n\t<div class=\"knsl-card-description\">\n\t\t<h3 class=\"knsl-mb-10\">\n\t\t\tReiseveranstalter-Service\t\t<\/h3>\n\t\t<div class=\"knsl-text knsl-text--h\">\n\t\t\t<p>Erh\u00f6hen Sie Ihr Urlaubserlebnis mit unserem professionellen Tour Operation Service f\u00fcr Ihre Villa, Haus,...<\/p>\n\t\t<\/div>\n\t\t<a href=\"https:\/\/yourmadeirarentals.com\/de\/services\/tour-operation-service\/\" class=\"knsl-btn\">\n\t\t\tMehr lesen\t\t\t<span class=\"screen-reader-text\">Lesen Sie mehr Tour Operation Service<\/span>\n\t\t<\/a>\n\t<\/div>\n<\/div>\n<!-- service card end -->\n\n\t\t\t\t\t<\/div>\n\t\t\t\t\t\t\t\t\t\t<div class=\"col-md-6 col-lg-4\">\n\n\t\t\t\t\t\t\n\n<!-- service card -->\n<div class=\"knsl-ath-card knsl-scroll-animation\">\n\t<div class=\"knsl-cover-frame\">\n\t\t<a href=\"https:\/\/yourmadeirarentals.com\/de\/services\/travel-recommendations\/\">\n\t\t\t\t\t\t<img decoding=\"async\" src=\"https:\/\/yourmadeirarentals.com\/wp-content\/uploads\/2023\/10\/Beautiful-sunset-950x634.jpg\" alt=\"Travel Recommendations\">\n\t\t\t\t\t<\/a>\n\t\t\t<\/div>\n\t<div class=\"knsl-card-description\">\n\t\t<h3 class=\"knsl-mb-10\">\n\t\t\tReise-Empfehlungen\t\t<\/h3>\n\t\t<div class=\"knsl-text knsl-text--h\">\n\t\t\t<p>Verbessern Sie Ihr Urlaubserlebnis mit unserem Reiseempfehlungsservice, der exklusiv f\u00fcr G\u00e4ste mit...<\/p>\n\t\t<\/div>\n\t\t<a href=\"https:\/\/yourmadeirarentals.com\/de\/services\/travel-recommendations\/\" class=\"knsl-btn\">\n\t\t\tMehr lesen\t\t\t<span class=\"screen-reader-text\">Lesen Sie mehr Reiseempfehlungen<\/span>\n\t\t<\/a>\n\t<\/div>\n<\/div>\n<!-- service card end -->\n\n\t\t\t\t\t<\/div>\n\t\t\t\t\t\n\t\t\t\t\t\t\t\t\t\t<!-- pagination -->\n\t\t\t\t\t<div class=\"knsl-pagination\">\n\t\t\t\t\t\t\t\t\t\t<\/div>\n\t\t\t\t\t<!-- pagination end -->\n\t\t\t\t\t\n\t\t\t\t\t\t\t\t\t\t\n    \t\t\t<\/div>\n\t\t\t<\/div>\n\t\t<\/section>\n\t\t<!-- services end -->\n\n\t\t\t\t\t\t<\/div>\n\t\t\t\t<\/div>\n\t\t\t\t\t<\/div>\n\t\t<\/div>\n\t\t\t\t\t<\/div>\n\t\t<\/section>\n\t\t\t\t<\/div>","protected":false},"excerpt":{"rendered":"<p>Dienstleistungen Autovermietung Erh\u00f6hen Sie Ihr Urlaubserlebnis mit unserem professionellen Autovermietungsservice,...<\/p>","protected":false},"author":1,"featured_media":0,"parent":0,"menu_order":0,"comment_status":"closed","ping_status":"closed","template":"elementor_header_footer","meta":{"_acf_changed":false,"footnotes":""},"class_list":["post-13825","page","type-page","status-publish","hentry"],"acf":[],"_links":{"self":[{"href":"https:\/\/yourmadeirarentals.com\/de\/wp-json\/wp\/v2\/pages\/13825","targetHints":{"allow":["GET"]}}],"collection":[{"href":"https:\/\/yourmadeirarentals.com\/de\/wp-json\/wp\/v2\/pages"}],"about":[{"href":"https:\/\/yourmadeirarentals.com\/de\/wp-json\/wp\/v2\/types\/page"}],"author":[{"embeddable":true,"href":"https:\/\/yourmadeirarentals.com\/de\/wp-json\/wp\/v2\/users\/1"}],"replies":[{"embeddable":true,"href":"https:\/\/yourmadeirarentals.com\/de\/wp-json\/wp\/v2\/comments?post=13825"}],"version-history":[{"count":5,"href":"https:\/\/yourmadeirarentals.com\/de\/wp-json\/wp\/v2\/pages\/13825\/revisions"}],"predecessor-version":[{"id":13848,"href":"https:\/\/yourmadeirarentals.com\/de\/wp-json\/wp\/v2\/pages\/13825\/revisions\/13848"}],"wp:attachment":[{"href":"https:\/\/yourmadeirarentals.com\/de\/wp-json\/wp\/v2\/media?parent=13825"}],"curies":[{"name":"wp","href":"https:\/\/api.w.org\/{rel}","templated":true}]}}