{"id":713,"date":"2021-12-15T17:07:22","date_gmt":"2021-12-15T17:07:22","guid":{"rendered":"https:\/\/kinsley-demo.bslthemes.com\/?page_id=713"},"modified":"2026-02-07T12:43:01","modified_gmt":"2026-02-07T12:43:01","slug":"blog","status":"publish","type":"page","link":"https:\/\/yourmadeirarentals.com\/pt\/blog\/","title":{"rendered":"Blogue"},"content":{"rendered":"<div data-elementor-type=\"wp-page\" data-elementor-id=\"713\" class=\"elementor elementor-713\">\n\t\t\t\t\t\t<section class=\"elementor-section elementor-top-section elementor-element elementor-element-5406730 elementor-section-full_width elementor-section-height-default elementor-section-height-default\" data-id=\"5406730\" data-element_type=\"section\" data-e-type=\"section\">\n\t\t\t\t\t\t<div class=\"elementor-container elementor-column-gap-no\">\n\t\t\t\t\t<div class=\"elementor-column elementor-col-100 elementor-top-column elementor-element elementor-element-97d9df7\" data-id=\"97d9df7\" data-element_type=\"column\" data-e-type=\"column\">\n\t\t\t<div class=\"elementor-widget-wrap elementor-element-populated\">\n\t\t\t\t\t\t<div class=\"elementor-element elementor-element-0a92559 elementor-widget elementor-widget-kinsley-intro\" data-id=\"0a92559\" data-element_type=\"widget\" data-e-type=\"widget\" data-widget_type=\"kinsley-intro.default\">\n\t\t\t\t<div class=\"elementor-widget-container\">\n\t\t\t\t\t\n\t\t<!-- banner -->\n\t\t<section class=\"knsl-banner-simple knsl-transition-bottom knsl-banner-white\">\n\t\t\t\t\t\t\t\n\t\t\n\t\t\t\t\t\t<div class=\"knsl-cover-frame\">\n\t\t\t\t\t\t\t\t\t\t\t\t<div style=\"background-image: url('https:\/\/yourmadeirarentals.com\/wp-content\/uploads\/2023\/09\/Madeira-rental.jpg');\" class=\"knsl-parallax knsl-banner-slide\"><\/div>\n\t\t\t\t\t\t\t\t\t\t\t\t\t\t\t\t\t\t\t<\/div>\n\t\t\t<div class=\"knsl-overlay\" style=\"opacity: 0.3;\"><\/div>\n\t\t\t\n\t\t\t\t\t\t<div class=\"container\"><div class=\"row\"><div class=\"col-lg-12\">\n\t\t\t\t\t\t<div class=\"knsl-center knsl-title-frame\">\n\t\t\t\t\t\t\t\t<h1 class=\"knsl-title--h knsl-mb-20 knsl-h1-inner\">\n\t\t\t\t\t<span >\n\t\t\t\t\t\tYour Madeira Island - Blogue\n\t\t\t\t\t<\/span>\n\t\t\t\t<\/h1>\n\t\t\t\t\t\t\t\t\t\t\t\t\t\t\t<\/div>\n\t\t\t\t\t\t<\/div><\/div><\/div>\n\t\t\t\n\t\t<\/section>\n\t\t<!-- banner end -->\n\n\t\t\t\t\t\t<\/div>\n\t\t\t\t<\/div>\n\t\t\t\t\t<\/div>\n\t\t<\/div>\n\t\t\t\t\t<\/div>\n\t\t<\/section>\n\t\t\t\t<section class=\"elementor-section elementor-top-section elementor-element elementor-element-e5cb9da elementor-section-full_width elementor-section-height-default elementor-section-height-default\" data-id=\"e5cb9da\" data-element_type=\"section\" data-e-type=\"section\">\n\t\t\t\t\t\t<div class=\"elementor-container elementor-column-gap-no\">\n\t\t\t\t\t<div class=\"elementor-column elementor-col-100 elementor-top-column elementor-element elementor-element-684f0d7\" data-id=\"684f0d7\" data-element_type=\"column\" data-e-type=\"column\">\n\t\t\t<div class=\"elementor-widget-wrap elementor-element-populated\">\n\t\t\t\t\t\t<div class=\"elementor-element elementor-element-2b94d15 elementor-widget elementor-widget-kinsley-blog-grid\" data-id=\"2b94d15\" data-element_type=\"widget\" data-e-type=\"widget\" data-widget_type=\"kinsley-blog-grid.default\">\n\t\t\t\t<div class=\"elementor-widget-container\">\n\t\t\t\t\t\n\t\t<!-- blog -->\n\t\t<section class=\"knsl-transition-top knsl-p-0-80\">\n\t\t\t\t\t\t\n\t\t\n\t\t<div class=\"container\">\t\t\t<div class=\"row attr-categories-false attr-readmore-false\">\n\t\t\t\t\t\t\t\t<div class=\"col-lg-12\">\n\t\t\t\t\t<div class=\"knsl-center knsl-title-frame knsl-mb-80\">\n\t\t\t\t\t\t\t\t\t\t\t\t\t\t\t\t\t\t<div class=\"knsl-text knsl-mb-30\">\n\t\t\t\t\t\t\t<div >\n\t\t\t\t\t\t\t\tMergulhe no Cora\u00e7\u00e3o da Madeira: Descubra inspira\u00e7\u00f5es, ideias e segredos locais no seu blogue da Ilha da Madeira\n<br \/><br \/>\n<form method=\"post\" action=\"https:\/\/yourmadeirarentals.com\/pt\/?na=s\" id=\"newsletter_form\" data-trp-original-action=\"https:\/\/yourmadeirarentals.com\/?na=s\">\r\n<div class=\"row mailchimp_form\">\r\n\r\n<div class=\"tnp-field tnp-field-email col-lg-8 col-md-8\">\r\n<input class=\"tnp-email\" type=\"email\" name=\"ne\" value=\"\" placeholder=\"Endere\u00e7o eletr\u00f3nico\" required><\/div>\r\n<div class=\"tnp-field tnp-field-button col-lg-4 col-md-4\"><input class=\"tnp-submit\" type=\"submit\" value=\"Subscrever\" >\r\n<\/div>\r\n\r\n<\/div>\r\n<input type=\"hidden\" name=\"trp-form-language\" value=\"pt\"\/><\/form><input type=\"hidden\" name=\"nlang\" value=\"\">\n\t\t\t\t\t\t\t<\/div>\n\t\t\t\t\t\t<\/div>\n\t\t\t\t\t\t\t\t\t\t\t\t\t\t\t\t\t<\/div>\n\t\t\t\t<\/div>\n\t\t\t\t\n\t\t\t\t\t\t\t\t\t\t\t\t<div class=\"col-md-6 col-lg-4\">\n\n\t\t\t\t\t\n\n\n<!-- blog card -->\n<div class=\"knsl-blog-card\">\n  <div id=\"post-1181\" class=\"post-1181 post type-post status-publish format-standard has-post-thumbnail hentry category-travel tag-guide tag-places tag-travel tag-trip\">\n    <div class=\"knsl-cover-frame\">\n    <a href=\"https:\/\/yourmadeirarentals.com\/pt\/seven-reasons-for-your-magical-holiday-in-madeira-island\/\">\n    \t    \t<img decoding=\"async\" src=\"https:\/\/yourmadeirarentals.com\/wp-content\/uploads\/2023\/10\/Aerial-view-of-a-car-950x633.jpg\" alt=\"Seven Reasons for Your Magical Holiday in Madeira Island\" \/>\n    \t    <\/a>\n\t\t<div class=\"knsl-badge\">\n\t\t\tViagens\t\t<\/div>\n  <\/div>\n    <div class=\"knsl-description-frame\">\n    <div class=\"knsl-room-features\">\n      <div class=\"knsl-feature knsl-feature-author\">\n                <div class=\"knsl-icon-frame knsl-icon-author\"><img decoding=\"async\" src=\"https:\/\/secure.gravatar.com\/avatar\/b16ff0e644108a0fdc1d757bc49bd51c056caefaa17542edbd6cdc7d6c96aef2?s=96&#038;d=mm&#038;r=g\" alt=\"Kevin\" \/><\/div>\n                <span>Kevin<\/span>\n      <\/div>\n\n      \t  \t<div class=\"knsl-feature knsl-feature-date\">\n        <div class=\"knsl-icon-frame\"><span class=\"img-svg img-svg-time\"><\/span><\/div>\n        <span>21 de setembro de 2023<\/span>\n      <\/div>\n\t  \t    <\/div>\n    <a href=\"https:\/\/yourmadeirarentals.com\/pt\/seven-reasons-for-your-magical-holiday-in-madeira-island\/\" class=\"knsl-title\">\n      <h4 class=\"knsl-mb-20\">Sete raz\u00f5es para umas f\u00e9rias m\u00e1gicas na Ilha da Madeira<\/h4>\n    <\/a>\n    <div class=\"knsl-text-light knsl-text-sm\">\n    \t<p>Ilha da Madeira, P\u00e9rola do Oceano Atl\u00e2ntico! Situada no cora\u00e7\u00e3o do Oceano Atl\u00e2ntico... <span class=\"knsl-el-more\"><a href=\"https:\/\/yourmadeirarentals.com\/pt\/seven-reasons-for-your-magical-holiday-in-madeira-island\/\" class=\"knsl-btn\">Ler mais<span class=\"screen-reader-text\">Ler mais Sete raz\u00f5es para umas f\u00e9rias m\u00e1gicas na Ilha da Madeira<\/span><\/a><\/span><\/p>\n    <\/div>\n  <\/div>\n  <\/div>\n<\/div>\n<!-- blog card end -->\n\n\n\t\t\t\t<\/div>\n\t\t\t\t\t\t\t\t<div class=\"col-md-6 col-lg-4\">\n\n\t\t\t\t\t\n\n\n<!-- blog card -->\n<div class=\"knsl-blog-card\">\n  <div id=\"post-1182\" class=\"post-1182 post type-post status-publish format-standard has-post-thumbnail hentry category-travel tag-resort tag-tour tag-travel\">\n    <div class=\"knsl-cover-frame\">\n    <a href=\"https:\/\/yourmadeirarentals.com\/pt\/unleashing-adventures-for-your-madeira-island-holiday\/\">\n    \t    \t<img decoding=\"async\" src=\"https:\/\/yourmadeirarentals.com\/wp-content\/uploads\/2023\/10\/Mountain-at-sunrise-950x616.jpg\" alt=\"Unleashing Adventures for Your Madeira Island Holiday\" \/>\n    \t    <\/a>\n\t\t<div class=\"knsl-badge\">\n\t\t\tViagens\t\t<\/div>\n  <\/div>\n    <div class=\"knsl-description-frame\">\n    <div class=\"knsl-room-features\">\n      <div class=\"knsl-feature knsl-feature-author\">\n                <div class=\"knsl-icon-frame knsl-icon-author\"><img decoding=\"async\" src=\"https:\/\/secure.gravatar.com\/avatar\/b16ff0e644108a0fdc1d757bc49bd51c056caefaa17542edbd6cdc7d6c96aef2?s=96&#038;d=mm&#038;r=g\" alt=\"Kevin\" \/><\/div>\n                <span>Kevin<\/span>\n      <\/div>\n\n      \t  \t<div class=\"knsl-feature knsl-feature-date\">\n        <div class=\"knsl-icon-frame\"><span class=\"img-svg img-svg-time\"><\/span><\/div>\n        <span>21 de dezembro de 2021<\/span>\n      <\/div>\n\t  \t    <\/div>\n    <a href=\"https:\/\/yourmadeirarentals.com\/pt\/unleashing-adventures-for-your-madeira-island-holiday\/\" class=\"knsl-title\">\n      <h4 class=\"knsl-mb-20\">Desencadeando Aventuras para as suas F\u00e9rias na Ilha da Madeira<\/h4>\n    <\/a>\n    <div class=\"knsl-text-light knsl-text-sm\">\n    \t<p>A Ilha da Madeira, uma joia paradis\u00edaca no meio do Oceano Atl\u00e2ntico, \u00e9 uma... <span class=\"knsl-el-more\"><a href=\"https:\/\/yourmadeirarentals.com\/pt\/unleashing-adventures-for-your-madeira-island-holiday\/\" class=\"knsl-btn\">Ler mais<span class=\"screen-reader-text\">Ler mais Desencadear Aventuras para as suas F\u00e9rias na Ilha da Madeira<\/span><\/a><\/span><\/p>\n    <\/div>\n  <\/div>\n  <\/div>\n<\/div>\n<!-- blog card end -->\n\n\n\t\t\t\t<\/div>\n\t\t\t\t\t\t\t\t<div class=\"col-md-6 col-lg-4\">\n\n\t\t\t\t\t\n\n\n<!-- blog card -->\n<div class=\"knsl-blog-card\">\n  <div id=\"post-1179\" class=\"post-1179 post type-post status-publish format-standard has-post-thumbnail hentry category-places tag-sea tag-tour tag-travel tag-trip\">\n    <div class=\"knsl-cover-frame\">\n    <a href=\"https:\/\/yourmadeirarentals.com\/pt\/the-enchanting-history-of-madeira-island\/\">\n    \t    \t<img decoding=\"async\" src=\"https:\/\/yourmadeirarentals.com\/wp-content\/uploads\/2023\/10\/Sea-Mountain-950x680.jpg\" alt=\"The Enchanting History of Madeira Island\" \/>\n    \t    <\/a>\n\t\t<div class=\"knsl-badge\">\n\t\t\tLocais\t\t<\/div>\n  <\/div>\n    <div class=\"knsl-description-frame\">\n    <div class=\"knsl-room-features\">\n      <div class=\"knsl-feature knsl-feature-author\">\n                <div class=\"knsl-icon-frame knsl-icon-author\"><img decoding=\"async\" src=\"https:\/\/secure.gravatar.com\/avatar\/b16ff0e644108a0fdc1d757bc49bd51c056caefaa17542edbd6cdc7d6c96aef2?s=96&#038;d=mm&#038;r=g\" alt=\"Kevin\" \/><\/div>\n                <span>Kevin<\/span>\n      <\/div>\n\n      \t  \t<div class=\"knsl-feature knsl-feature-date\">\n        <div class=\"knsl-icon-frame\"><span class=\"img-svg img-svg-time\"><\/span><\/div>\n        <span>21 de dezembro de 2021<\/span>\n      <\/div>\n\t  \t    <\/div>\n    <a href=\"https:\/\/yourmadeirarentals.com\/pt\/the-enchanting-history-of-madeira-island\/\" class=\"knsl-title\">\n      <h4 class=\"knsl-mb-20\">A hist\u00f3ria encantadora da Ilha da Madeira<\/h4>\n    <\/a>\n    <div class=\"knsl-text-light knsl-text-sm\">\n    \t<p>Uma viagem no tempo! A Ilha da Madeira, um para\u00edso exuberante e cativante no Atl\u00e2ntico... <span class=\"knsl-el-more\"><a href=\"https:\/\/yourmadeirarentals.com\/pt\/the-enchanting-history-of-madeira-island\/\" class=\"knsl-btn\">Ler mais<span class=\"screen-reader-text\">Ler mais A hist\u00f3ria encantadora da Ilha da Madeira<\/span><\/a><\/span><\/p>\n    <\/div>\n  <\/div>\n  <\/div>\n<\/div>\n<!-- blog card end -->\n\n\n\t\t\t\t<\/div>\n\t\t\t\t\n\t      \t\t\n\t\t\t\t\t\t\t\t\n\t\t\t<\/div>\n\t\t<\/div>\t\t<\/section>\n\n\t\t\t\t\t\t<\/div>\n\t\t\t\t<\/div>\n\t\t\t\t\t<\/div>\n\t\t<\/div>\n\t\t\t\t\t<\/div>\n\t\t<\/section>\n\t\t\t\t<section class=\"elementor-section elementor-top-section elementor-element elementor-element-691da3f elementor-section-full_width elementor-section-height-default elementor-section-height-default\" data-id=\"691da3f\" data-element_type=\"section\" data-e-type=\"section\">\n\t\t\t\t\t\t<div class=\"elementor-container elementor-column-gap-no\">\n\t\t\t\t\t<div class=\"elementor-column elementor-col-100 elementor-top-column elementor-element elementor-element-d1e2db9\" data-id=\"d1e2db9\" data-element_type=\"column\" data-e-type=\"column\">\n\t\t\t<div class=\"elementor-widget-wrap elementor-element-populated\">\n\t\t\t\t\t\t<div class=\"elementor-element elementor-element-326bc08 elementor-hidden-desktop elementor-hidden-tablet elementor-hidden-mobile elementor-widget elementor-widget-kinsley-blog-carousel\" data-id=\"326bc08\" data-element_type=\"widget\" data-e-type=\"widget\" data-widget_type=\"kinsley-blog-carousel.default\">\n\t\t\t\t<div class=\"elementor-widget-container\">\n\t\t\t\t\t\n\t<!-- blog -->\n    <section class=\"knsl-transition-none knsl-p-0-100\">\n\t\t\t\t\t\t\n\t\t\n\t\t<div class=\"container\">\t\t<div class=\"row align-items-center\">\n\t\t\t\n\t\t\t\t\t\t<div class=\"col-lg-12\">\n\t\t\t\t<div class=\"knsl-center knsl-title-frame knsl-mb-80\">\n\t\t\t\t\t\t\t\t\t\t<h2 class=\"knsl-title--h knsl-mb-20\">\n\t\t\t\t\t\t<span >\n\t\t\t\t\t\t\tPublica\u00e7\u00f5es populares\t\t\t\t\t\t<\/span>\n\t\t\t\t\t<\/h2>\n\t\t\t\t\t\t\t\t\t\t\t\t\t\t\t<div class=\"knsl-text knsl-mb-30\">\n\t\t\t\t\t\t<div >\n\t\t\t\t\t\t\tConsectetur adipisicing elit. Nihil, illum voluptate eveniet ex fugit ea delectus, sed voluptatem. Laborum accusantium libero commodi id officiis itaque esse adipisci, necessitatibus asperiores, illo odio.\t\t\t\t\t\t<\/div>\n\t\t\t\t\t<\/div>\n\t\t\t\t\t\t\t\t\t\t\t\t\t\t\t<a href=\"\/pt\/kinsley\/blog\/\" class=\"knsl-btn knsl-btn-md\">\n\t\t\t\t\t\t<span >\n\t\t\t\t\t\t\tTodas as publica\u00e7\u00f5es\t\t\t\t\t\t<\/span>\n\t\t\t\t\t<\/a>\n\t\t\t\t\t\t\t\t\t<\/div>\n\t\t\t<\/div>\n\t\t\t\t\t\t\n\t\t\t<div class=\"col-lg-12  attr-categories-false attr-readmore-false\">\n\t\t\t\t\t\t\t<\/div>\n\n\t\t<\/div>\n\t\t<\/div>\n\t<\/section>\n\t<!-- blog end -->\n\n\t\t\t\t\t<\/div>\n\t\t\t\t<\/div>\n\t\t\t\t\t<\/div>\n\t\t<\/div>\n\t\t\t\t\t<\/div>\n\t\t<\/section>\n\t\t\t\t<\/div>","protected":false},"excerpt":{"rendered":"<p>Your Madeira Island - Blog Mergulhe no Cora\u00e7\u00e3o da Madeira: Descubra Inspira\u00e7\u00f5es, Insights,... <span class=\"knsl-el-more\"><a href=\"https:\/\/yourmadeirarentals.com\/pt\/the-enchanting-history-of-madeira-island\/\" class=\"knsl-btn\">Ler mais<span class=\"screen-reader-text\">Ler mais A hist\u00f3ria encantadora da Ilha da Madeira<\/span><\/a><\/span><\/p>","protected":false},"author":1,"featured_media":0,"parent":0,"menu_order":0,"comment_status":"closed","ping_status":"closed","template":"template-layout-builder.php","meta":{"_acf_changed":false,"footnotes":""},"class_list":["post-713","page","type-page","status-publish","hentry"],"acf":[],"_links":{"self":[{"href":"https:\/\/yourmadeirarentals.com\/pt\/wp-json\/wp\/v2\/pages\/713","targetHints":{"allow":["GET"]}}],"collection":[{"href":"https:\/\/yourmadeirarentals.com\/pt\/wp-json\/wp\/v2\/pages"}],"about":[{"href":"https:\/\/yourmadeirarentals.com\/pt\/wp-json\/wp\/v2\/types\/page"}],"author":[{"embeddable":true,"href":"https:\/\/yourmadeirarentals.com\/pt\/wp-json\/wp\/v2\/users\/1"}],"replies":[{"embeddable":true,"href":"https:\/\/yourmadeirarentals.com\/pt\/wp-json\/wp\/v2\/comments?post=713"}],"version-history":[{"count":94,"href":"https:\/\/yourmadeirarentals.com\/pt\/wp-json\/wp\/v2\/pages\/713\/revisions"}],"predecessor-version":[{"id":28282,"href":"https:\/\/yourmadeirarentals.com\/pt\/wp-json\/wp\/v2\/pages\/713\/revisions\/28282"}],"wp:attachment":[{"href":"https:\/\/yourmadeirarentals.com\/pt\/wp-json\/wp\/v2\/media?parent=713"}],"curies":[{"name":"wp","href":"https:\/\/api.w.org\/{rel}","templated":true}]}}